{"id":43,"date":"2020-11-16T20:01:02","date_gmt":"2020-11-16T19:01:02","guid":{"rendered":"http:\/\/mre.sciencespo-lille.eu\/?page_id=43"},"modified":"2025-06-05T15:26:08","modified_gmt":"2025-06-05T13:26:08","slug":"les-stages-et-linsertion-professionnelle","status":"publish","type":"page","link":"https:\/\/mre.sciencespo-lille.eu\/index.php\/les-stages-et-linsertion-professionnelle\/","title":{"rendered":"L&rsquo;alternance et l&rsquo;insertion professionnelle (M2)"},"content":{"rendered":"\n<p>La <strong>majeure Management Responsable des Entreprises<\/strong> propose \u00e0 ses \u00e9tudiantes et \u00e9tudiants en deuxi\u00e8me ann\u00e9e du cycle master (5A de Sciences Po Lille) une <strong>formation en apprentissage en alternance.<\/strong><br><\/p>\n\n\n\n<p>Cette voie leur permet d&rsquo;enrichir leurs cursus d&rsquo;une <strong>exp\u00e9rience longue et tr\u00e8s op\u00e9rationnelle<\/strong>, d&rsquo;enrichir les cours tout au long de leur derni\u00e8re ann\u00e9e gr\u00e2ce \u00e0 des retours d&rsquo;exp\u00e9rience r\u00e9guliers et des mises en application par des allers-retours r\u00e9guliers entre leur emploi (en apprentissage) et les salles de cours (\u00e0 Sciences Po Lille) et de <strong>s&rsquo;ins\u00e9rer avec beaucoup de succ\u00e8s dans la vie professionnelle \u00e0 la suite de la formation.<\/strong><\/p>\n\n\n\n<p>L&rsquo;alternance se d\u00e9roule \u00e0 un rythme moyen de <strong>3 semaines<\/strong> (en apprentissage) et <strong>1 semaine <\/strong>(en cours), avec toutefois une premi\u00e8re p\u00e9riode de cours en d\u00e9but d&rsquo;ann\u00e9e universitaire.<\/p>\n\n\n\n<div style=\"height:30px\" aria-hidden=\"true\" class=\"wp-block-spacer\"><\/div>\n\n\n\n<p><strong>Calendrier d&rsquo;alternance 2025-2026 <\/strong>pour la majeure MRE :<\/p>\n\n\n<a href=\"https:\/\/mre.sciencespo-lille.eu\/wp-content\/uploads\/2025\/06\/Calendrier-MRE-2025-26.pdf\" class=\"pdfemb-viewer\" style=\"\" data-width=\"max\" data-height=\"max\" data-toolbar=\"bottom\" data-toolbar-fixed=\"off\">Calendrier-MRE-2025-26<\/a>\n\n\n<div style=\"height:30px\" aria-hidden=\"true\" class=\"wp-block-spacer\"><\/div>\n\n\n\n<p>Les \u00e9tudiantes et les \u00e9tudiants de Sciences Po Lille peuvent consulter <strong>l&rsquo;historique des stages<\/strong> <strong>et apprentissages<\/strong> via la plateforme des Alumni :<\/p>\n\n\n\n<div class=\"wp-block-buttons is-content-justification-center is-layout-flex wp-container-core-buttons-is-layout-16018d1d wp-block-buttons-is-layout-flex\">\n<div class=\"wp-block-button is-style-fill\"><a class=\"wp-block-button__link has-white-color has-text-color has-background wp-element-button\" href=\"https:\/\/alumni.sciencespo-lille.eu\/page\/historique-des-stages\" style=\"background-color:#036564\" target=\"_blank\" rel=\"noreferrer noopener\">Historique des stages et apprentissages<\/a><\/div>\n<\/div>\n\n\n\n<div style=\"height:30px\" aria-hidden=\"true\" class=\"wp-block-spacer\"><\/div>\n\n\n\n<p>Retrouvez \u00e9galement la <strong>liste des offres de stage, d&rsquo;apprentissage et d&#8217;emploi<\/strong> :<\/p>\n\n\n\n<div class=\"wp-block-buttons is-content-justification-center is-layout-flex wp-container-core-buttons-is-layout-16018d1d wp-block-buttons-is-layout-flex\">\n<div class=\"wp-block-button\"><a class=\"wp-block-button__link has-white-color has-text-color has-background wp-element-button\" href=\"https:\/\/alumni.sciencespo-lille.eu\/jobboard?page=1\" style=\"background-color:#036564\" target=\"_blank\" rel=\"noreferrer noopener\">Offres de stage, d&rsquo;apprentissage et d&#8217;emploi<\/a><\/div>\n<\/div>\n\n\n\n<div style=\"height:30px\" aria-hidden=\"true\" class=\"wp-block-spacer\"><\/div>\n\n\n\n<p>Pour plus d&rsquo;informations sur les stages \u00e0 Sciences Po Lille et l&rsquo;insertion professionnelle, consultez le <strong>Guide des stages<\/strong> de la plateforme des Alumni :<\/p>\n\n\n\n<div class=\"wp-block-buttons is-content-justification-center is-layout-flex wp-container-core-buttons-is-layout-16018d1d wp-block-buttons-is-layout-flex\">\n<div class=\"wp-block-button\"><a class=\"wp-block-button__link has-white-color has-text-color has-background wp-element-button\" href=\"https:\/\/alumni.sciencespo-lille.eu\/page\/guide-des-stages-1\" style=\"background-color:#036564\" target=\"_blank\" rel=\"noreferrer noopener\">Guide des stages<\/a><\/div>\n<\/div>\n\n\n\n<div style=\"height:65px\" aria-hidden=\"true\" class=\"wp-block-spacer\"><\/div>\n\n\n\n<p>L\u2019insertion professionnelle est \u00e9galement favoris\u00e9e tout au long de la formation par l\u2019organisation de<strong> rencontres avec d\u2019anciennes \u00e9tudiantes et anciens \u00e9tudiants<\/strong> de la majeure.<\/p>\n","protected":false},"excerpt":{"rendered":"<p>La majeure Management Responsable des Entreprises propose \u00e0 ses \u00e9tudiantes et \u00e9tudiants en deuxi\u00e8me ann\u00e9e du cycle master (5A de Sciences Po Lille) une formation en apprentissage en alternance. Cette voie leur permet d&rsquo;enrichir leurs cursus d&rsquo;une exp\u00e9rience longue et tr\u00e8s op\u00e9rationnelle, d&rsquo;enrichir les cours tout au long de leur derni\u00e8re ann\u00e9e gr\u00e2ce \u00e0 des [&hellip;]<\/p>\n","protected":false},"author":1,"featured_media":0,"parent":0,"menu_order":0,"comment_status":"closed","ping_status":"closed","template":"","meta":{"_seopress_robots_primary_cat":"","_seopress_titles_title":"","_seopress_titles_desc":"","_seopress_robots_index":"","ocean_post_layout":"","ocean_both_sidebars_style":"","ocean_both_sidebars_content_width":0,"ocean_both_sidebars_sidebars_width":0,"ocean_sidebar":"0","ocean_second_sidebar":"0","ocean_disable_margins":"enable","ocean_add_body_class":"","ocean_shortcode_before_top_bar":"","ocean_shortcode_after_top_bar":"","ocean_shortcode_before_header":"","ocean_shortcode_after_header":"","ocean_has_shortcode":"","ocean_shortcode_after_title":"","ocean_shortcode_before_footer_widgets":"","ocean_shortcode_after_footer_widgets":"","ocean_shortcode_before_footer_bottom":"","ocean_shortcode_after_footer_bottom":"","ocean_display_top_bar":"default","ocean_display_header":"default","ocean_header_style":"","ocean_center_header_left_menu":"0","ocean_custom_header_template":"0","ocean_custom_logo":0,"ocean_custom_retina_logo":0,"ocean_custom_logo_max_width":0,"ocean_custom_logo_tablet_max_width":0,"ocean_custom_logo_mobile_max_width":0,"ocean_custom_logo_max_height":0,"ocean_custom_logo_tablet_max_height":0,"ocean_custom_logo_mobile_max_height":0,"ocean_header_custom_menu":"0","ocean_menu_typo_font_family":"0","ocean_menu_typo_font_subset":"","ocean_menu_typo_font_size":0,"ocean_menu_typo_font_size_tablet":0,"ocean_menu_typo_font_size_mobile":0,"ocean_menu_typo_font_size_unit":"px","ocean_menu_typo_font_weight":"","ocean_menu_typo_font_weight_tablet":"","ocean_menu_typo_font_weight_mobile":"","ocean_menu_typo_transform":"","ocean_menu_typo_transform_tablet":"","ocean_menu_typo_transform_mobile":"","ocean_menu_typo_line_height":0,"ocean_menu_typo_line_height_tablet":0,"ocean_menu_typo_line_height_mobile":0,"ocean_menu_typo_line_height_unit":"","ocean_menu_typo_spacing":0,"ocean_menu_typo_spacing_tablet":0,"ocean_menu_typo_spacing_mobile":0,"ocean_menu_typo_spacing_unit":"","ocean_menu_link_color":"","ocean_menu_link_color_hover":"","ocean_menu_link_color_active":"","ocean_menu_link_background":"","ocean_menu_link_hover_background":"","ocean_menu_link_active_background":"","ocean_menu_social_links_bg":"","ocean_menu_social_hover_links_bg":"","ocean_menu_social_links_color":"","ocean_menu_social_hover_links_color":"","ocean_disable_title":"default","ocean_disable_heading":"default","ocean_post_title":"","ocean_post_subheading":"","ocean_post_title_style":"","ocean_post_title_background_color":"","ocean_post_title_background":0,"ocean_post_title_bg_image_position":"","ocean_post_title_bg_image_attachment":"","ocean_post_title_bg_image_repeat":"","ocean_post_title_bg_image_size":"","ocean_post_title_height":0,"ocean_post_title_bg_overlay":0.5,"ocean_post_title_bg_overlay_color":"","ocean_disable_breadcrumbs":"default","ocean_breadcrumbs_color":"","ocean_breadcrumbs_separator_color":"","ocean_breadcrumbs_links_color":"","ocean_breadcrumbs_links_hover_color":"","ocean_display_footer_widgets":"default","ocean_display_footer_bottom":"default","ocean_custom_footer_template":"0","footnotes":""},"class_list":["post-43","page","type-page","status-publish","hentry","entry"],"_links":{"self":[{"href":"https:\/\/mre.sciencespo-lille.eu\/index.php\/wp-json\/wp\/v2\/pages\/43","targetHints":{"allow":["GET"]}}],"collection":[{"href":"https:\/\/mre.sciencespo-lille.eu\/index.php\/wp-json\/wp\/v2\/pages"}],"about":[{"href":"https:\/\/mre.sciencespo-lille.eu\/index.php\/wp-json\/wp\/v2\/types\/page"}],"author":[{"embeddable":true,"href":"https:\/\/mre.sciencespo-lille.eu\/index.php\/wp-json\/wp\/v2\/users\/1"}],"replies":[{"embeddable":true,"href":"https:\/\/mre.sciencespo-lille.eu\/index.php\/wp-json\/wp\/v2\/comments?post=43"}],"version-history":[{"count":17,"href":"https:\/\/mre.sciencespo-lille.eu\/index.php\/wp-json\/wp\/v2\/pages\/43\/revisions"}],"predecessor-version":[{"id":429,"href":"https:\/\/mre.sciencespo-lille.eu\/index.php\/wp-json\/wp\/v2\/pages\/43\/revisions\/429"}],"wp:attachment":[{"href":"https:\/\/mre.sciencespo-lille.eu\/index.php\/wp-json\/wp\/v2\/media?parent=43"}],"curies":[{"name":"wp","href":"https:\/\/api.w.org\/{rel}","templated":true}]}}