{"id":53,"date":"2020-11-16T20:04:30","date_gmt":"2020-11-16T19:04:30","guid":{"rendered":"http:\/\/mre.sciencespo-lille.eu\/?page_id=53"},"modified":"2022-11-20T17:34:12","modified_gmt":"2022-11-20T16:34:12","slug":"presentation","status":"publish","type":"page","link":"https:\/\/mre.sciencespo-lille.eu\/","title":{"rendered":"Pr\u00e9sentation de la majeure Management Responsable des Entreprises"},"content":{"rendered":"\n<p>Bienvenue sur le site de la <strong>majeure&nbsp;Management Responsable des Entreprises (MRE)<\/strong>&nbsp;de Sciences Po Lille.<\/p>\n\n\n\n<h2 class=\"wp-block-heading\" id=\"objectif-de-la-formation\">Objectif de la formation<\/h2>\n\n\n\n<p>La majeure&nbsp;<strong>Management Responsable des Entreprises<\/strong>&nbsp;(MRE) forme les managers de demain en s\u2019appuyant sur les fondamentaux des sciences de gestion (comptabilit\u00e9, finance, ressources humaines, marketing, communication etc.) et des sciences sociales (Histoire, sociologie, science politique, \u00e9conomie et droit). Il s\u2019agit d\u2019une formation pluridisciplinaire, dispens\u00e9e \u00e0 la fois par des enseignants-chercheurs et des praticiens.<\/p>\n\n\n\n<p>Cette majeure a pour objectif d\u2019inciter les \u00e9tudiants \u00e0 se montrer soucieux des \u00e9quilibres humains et environnementaux en leur enseignant aussi bien les mod\u00e8les traditionnels du management que la d\u00e9couverte des nouveaux mod\u00e8les d\u2019affaires qui int\u00e8grent l\u2019id\u00e9e que les entreprises font partie int\u00e9grante de la biosph\u00e8re et de la soci\u00e9t\u00e9.<\/p>\n\n\n\n<p>Fond\u00e9e sur la recherche d\u2019un \u00e9quilibre entre comp\u00e9tences techniques (hard skills) et qualit\u00e9s comportementales (soft skills), la majeure MRE vise \u00e0 former des leaders de la transition \u00e9conomique, \u00e9cologique et sociale qui ma\u00eetrisent \u00e0 la fois la question du \u00ab\u00a0Pourquoi\u00a0?\u00a0\u00bb et du \u00ab\u00a0Comment\u00a0?\u00a0\u00bb de cette transition. <\/p>\n\n\n\n<p>Au cours des deux ann\u00e9es de formation, chacun et chacune peut m\u00fbrir son projet professionnel. Au c\u0153ur de l\u2019unit\u00e9 \u00ab Donner du sens \u00bb, les modules permettent \u00e0 nos \u00e9tudiants de penser les conditions d\u2019un management responsable, \u00e9thique et transformatif. En 4<sup>e <\/sup>\u00a0ann\u00e9e, ils r\u00e9alisent un m\u00e9moire ou un rapport d\u2019expertise tandis qu\u2019ils suivent leur 5<sup>e<\/sup> ann\u00e9e en alternance au sein de divers types d\u2019organisations (Grandes et petites entreprises, cabinets de conseil, association, think tank, ONG, administration, etc).<\/p>\n\n\n\n<hr class=\"wp-block-separator has-text-color has-background is-style-wide\" style=\"background-color:#dce1e3;color:#dce1e3\"\/>\n\n\n\n<h2 class=\"wp-block-heading\" id=\"principaux-debouches\">Principaux d\u00e9bouch\u00e9s<\/h2>\n\n\n\n<p>Nos \u00e9tudiantes et \u00e9tudiants peuvent s\u2019orienter vers des carri\u00e8res extr\u00eamement diverses, aussi bien dans des&nbsp;<strong>firmes multinationales, dans des petites et moyennes entreprises, dans l\u2019entrepreneuriat individuel, dans les m\u00e9tiers de la finance et de la banque, dans des cabinets de conseil, dans le secteur de l\u2019\u00e9conomie sociale et solidaire, dans la haute administration comme dans le monde de la recherche&nbsp;:<\/strong><\/p>\n\n\n\n<ul class=\"wp-block-list\"><li>Directions RSE et d\u00e9veloppement durable des entreprises&nbsp;;<\/li><li>Directions \u00c9thique des affaires et compliance des entreprises&nbsp;;<\/li><li>Directions strat\u00e9giques ou op\u00e9rationnelles des entreprises&nbsp;;<\/li><li>Consultants au sein de cabinets de conseil traditionnels ou sp\u00e9cialis\u00e9s dans la RSE et le d\u00e9veloppement durable&nbsp;;<\/li><li>M\u00e9tiers de la finance verte&nbsp;;<\/li><li>Agences de notation financi\u00e8re et extra-financi\u00e8res&nbsp;;<\/li><li>M\u00e9tiers des relations publiques et du lobbying&nbsp;;<\/li><li>M\u00e9tiers du marketing, de la communication ou des relations presse responsables&nbsp;;<\/li><li>M\u00e9tiers des think tanks et ONG&nbsp;;<\/li><li>Fondations d\u2019entreprises&nbsp;;<\/li><li>M\u00e9tiers du m\u00e9c\u00e9nat&nbsp;;<\/li><li>M\u00e9tiers de l\u2019ESS&nbsp;;<\/li><li>Entrepreneuriat social et environnemental&nbsp;;<\/li><li>Formateur en RSE et d\u00e9veloppement durable&nbsp;;<\/li><li>M\u00e9tiers du Digital responsable&nbsp;;<\/li><li>M\u00e9tiers du management public ;<\/li><li>Journaliste sp\u00e9cialis\u00e9 en RSE et questions environnementales&nbsp;;<\/li><li>Collaborateur politique, etc.<\/li><\/ul>\n\n\n\n<hr class=\"wp-block-separator has-text-color has-background is-style-wide\" style=\"background-color:#dce1e3;color:#dce1e3\"\/>\n\n\n\n<h2 class=\"wp-block-heading\" id=\"responsable-de-la-majeure-mre\">Responsables de la majeure MRE<\/h2>\n\n\n\n<div class=\"wp-block-media-text alignwide is-stacked-on-mobile\" style=\"grid-template-columns:34% auto\"><figure class=\"wp-block-media-text__media\"><img fetchpriority=\"high\" decoding=\"async\" width=\"1024\" height=\"1024\" src=\"http:\/\/mre.sciencespo-lille.eu\/wp-content\/uploads\/2020\/12\/Philippe-Liger-Belair-HD-NB-1024x1024.png\" alt=\"\" class=\"wp-image-116 size-full\" srcset=\"https:\/\/mre.sciencespo-lille.eu\/wp-content\/uploads\/2020\/12\/Philippe-Liger-Belair-HD-NB-1024x1024.png 1024w, https:\/\/mre.sciencespo-lille.eu\/wp-content\/uploads\/2020\/12\/Philippe-Liger-Belair-HD-NB-300x300.png 300w, https:\/\/mre.sciencespo-lille.eu\/wp-content\/uploads\/2020\/12\/Philippe-Liger-Belair-HD-NB-150x150.png 150w, https:\/\/mre.sciencespo-lille.eu\/wp-content\/uploads\/2020\/12\/Philippe-Liger-Belair-HD-NB-768x768.png 768w, https:\/\/mre.sciencespo-lille.eu\/wp-content\/uploads\/2020\/12\/Philippe-Liger-Belair-HD-NB.png 1181w\" sizes=\"(max-width: 1024px) 100vw, 1024px\" \/><\/figure><div class=\"wp-block-media-text__content\">\n<p class=\"has-large-font-size\"><strong>Philippe Liger-Belair<\/strong><\/p>\n\n\n\n<p><strong>Ma\u00eetre de conf\u00e9rences en sociologie et directeur de la Formation Continue \u00e0 Sciences Po Lille<\/strong><\/p>\n\n\n\n<p><strong>Dipl\u00f4m\u00e9 de HEC Paris et docteur de l&rsquo;ENS Lyon<\/strong><\/p>\n\n\n\n<p>Domaines de recherche : justice sociale, histoire des id\u00e9es (utilitarisme, libertarisme, communautarisme philosophique), sociologie de l&rsquo;imp\u00f4t, th\u00e9orie des organisations. <\/p>\n<\/div><\/div>\n\n\n\n<div class=\"wp-block-media-text alignwide has-media-on-the-right is-stacked-on-mobile\" style=\"grid-template-columns:auto 34%\"><figure class=\"wp-block-media-text__media\"><img decoding=\"async\" width=\"500\" height=\"500\" src=\"https:\/\/mre.sciencespo-lille.eu\/wp-content\/uploads\/2022\/10\/Caron.png\" alt=\"\" class=\"wp-image-352 size-full\" srcset=\"https:\/\/mre.sciencespo-lille.eu\/wp-content\/uploads\/2022\/10\/Caron.png 500w, https:\/\/mre.sciencespo-lille.eu\/wp-content\/uploads\/2022\/10\/Caron-300x300.png 300w, https:\/\/mre.sciencespo-lille.eu\/wp-content\/uploads\/2022\/10\/Caron-150x150.png 150w\" sizes=\"(max-width: 500px) 100vw, 500px\" \/><\/figure><div class=\"wp-block-media-text__content\">\n<p class=\"has-large-font-size\"><strong>Matthieu Caron<\/strong><\/p>\n\n\n\n<p><strong>Ma\u00eetre de conf\u00e9rences en droit public<\/strong><\/p>\n\n\n\n<p><strong>Directeur g\u00e9n\u00e9ral de L\u2019Observatoire de l\u2019\u00e9thique publique<\/strong><\/p>\n\n\n\n<p><strong>Ancien \u00e9l\u00e8ve de l\u2019ENS Cachan, agr\u00e9g\u00e9 d\u2019\u00e9conomie et de gestion, dipl\u00f4m\u00e9 de HEC Paris (en Sustainable Transition Management) et de l\u2019ESSEC (en RSE et d\u00e9veloppement durable)<\/strong><\/p>\n\n\n\n<p>Domaines de recherche : Droit gouvernemental, \u00e9thique publique, \u00e9thique des affaires, analyse juridique de l&rsquo;\u00e9conomie.<\/p>\n<\/div><\/div>\n\n\n\n<div style=\"height:30px\" aria-hidden=\"true\" class=\"wp-block-spacer\"><\/div>\n\n\n\n<h2 class=\"wp-block-heading\" id=\"edito-du-responsable-de-la-majeure\"><strong>\u00c9<\/strong>dito des responsables de la majeure<\/h2>\n\n\n\n<p>Bienvenue sur le site de la majeure Management Responsable des Entreprises (MRE) qui vous apportera, nous l\u2019esp\u00e9rons, toutes les informations que vous recherchez.<\/p>\n\n\n\n<p>L\u2019ouverture de cette nouvelle formation en 2021 r\u00e9pond \u00e0 un besoin autant qu\u2019\u00e0 l\u2019ambition que nous portons au sein de Sciences Po Lille de continuer de proposer aux \u00e9tudiantes et aux \u00e9tudiants de M1 et de M2 de l\u2019\u00e9cole une&nbsp;<strong>formation en management originale.<\/strong>&nbsp;<\/p>\n\n\n\n<p>Ces jeunes dipl\u00f4m\u00e9s, qui sortiront avec une formation solide en sciences sociales et en science politique, pourront aussi&nbsp;<strong>surprendre leurs employeurs&nbsp;<\/strong>par leur bonne ma\u00eetrise des outils traditionnels de la gestion, de la comptabilit\u00e9 au marketing, de la finance d\u2019entreprise aux ressources humaines avec <strong>une vision \u00e9largie \u00e0 360 degr\u00e9s de l\u2019\u00e9cosyst\u00e8me et des mutations en cours au sein des organisations fran\u00e7aises et internationales.<\/strong><\/p>\n\n\n\n<p>L\u2019exp\u00e9rience acquise par Sciences Po Lille depuis de nombreuses ann\u00e9es \u00e0 travers ce qui s\u2019appelait autrefois la section \u00ab&nbsp;\u00c9co Fi&nbsp;\u00bb puis \u00ab&nbsp;Commerce et finance internationale&nbsp;\u00bb, nous rend pleinement confiants dans la capacit\u00e9 de la Majeure MRE \u00e0 former des managers de tr\u00e8s haut niveau, aussi agiles techniquement qu\u2019intellectuellement. Les acteurs des organisations avec lesquels nous travaillons, le soulignent d\u00e9j\u00e0 en permanence.<\/p>\n\n\n\n<p>Mais avec MRE, nous avons souhait\u00e9 aller plus loin en portant une vision positive, optimiste et \u00e9thique des entreprises.&nbsp;<strong>Accompagn\u00e9s des dirigeantes et des dirigeants d\u2019organisation tr\u00e8s exp\u00e9riment\u00e9s, par des entrepreneurs et des entrepreneuses inspirants, par des enseignantes et des enseignants dynamiques,<\/strong>&nbsp;nous avons voulu introduire ce \u00ab&nbsp;R&nbsp;\u00bb novateur dans la formation : le R de \u00ab&nbsp;responsable&nbsp;\u00bb, socle de toute entreprise \u00e0 impact positif et r\u00e9ellement contributive.<\/p>\n\n\n\n<p class=\"has-text-align-right\"><strong>Philippe Liger-Belair et Matthieu Caron<\/strong><\/p>\n","protected":false},"excerpt":{"rendered":"<p>Bienvenue sur le site de la majeure&nbsp;Management Responsable des Entreprises (MRE)&nbsp;de Sciences Po Lille. Objectif de la formation La majeure&nbsp;Management Responsable des Entreprises&nbsp;(MRE) forme les managers de demain en s\u2019appuyant sur les fondamentaux des sciences de gestion (comptabilit\u00e9, finance, ressources humaines, marketing, communication etc.) et des sciences sociales (Histoire, sociologie, science politique, \u00e9conomie et droit). [&hellip;]<\/p>\n","protected":false},"author":1,"featured_media":0,"parent":0,"menu_order":0,"comment_status":"closed","ping_status":"closed","template":"","meta":{"_seopress_robots_primary_cat":"","_seopress_titles_title":"","_seopress_titles_desc":"","_seopress_robots_index":"","ocean_post_layout":"","ocean_both_sidebars_style":"","ocean_both_sidebars_content_width":0,"ocean_both_sidebars_sidebars_width":0,"ocean_sidebar":"0","ocean_second_sidebar":"0","ocean_disable_margins":"enable","ocean_add_body_class":"","ocean_shortcode_before_top_bar":"","ocean_shortcode_after_top_bar":"","ocean_shortcode_before_header":"","ocean_shortcode_after_header":"","ocean_has_shortcode":"","ocean_shortcode_after_title":"","ocean_shortcode_before_footer_widgets":"","ocean_shortcode_after_footer_widgets":"","ocean_shortcode_before_footer_bottom":"","ocean_shortcode_after_footer_bottom":"","ocean_display_top_bar":"default","ocean_display_header":"default","ocean_header_style":"","ocean_center_header_left_menu":"0","ocean_custom_header_template":"0","ocean_custom_logo":0,"ocean_custom_retina_logo":0,"ocean_custom_logo_max_width":0,"ocean_custom_logo_tablet_max_width":0,"ocean_custom_logo_mobile_max_width":0,"ocean_custom_logo_max_height":0,"ocean_custom_logo_tablet_max_height":0,"ocean_custom_logo_mobile_max_height":0,"ocean_header_custom_menu":"0","ocean_menu_typo_font_family":"0","ocean_menu_typo_font_subset":"","ocean_menu_typo_font_size":0,"ocean_menu_typo_font_size_tablet":0,"ocean_menu_typo_font_size_mobile":0,"ocean_menu_typo_font_size_unit":"px","ocean_menu_typo_font_weight":"","ocean_menu_typo_font_weight_tablet":"","ocean_menu_typo_font_weight_mobile":"","ocean_menu_typo_transform":"","ocean_menu_typo_transform_tablet":"","ocean_menu_typo_transform_mobile":"","ocean_menu_typo_line_height":0,"ocean_menu_typo_line_height_tablet":0,"ocean_menu_typo_line_height_mobile":0,"ocean_menu_typo_line_height_unit":"","ocean_menu_typo_spacing":0,"ocean_menu_typo_spacing_tablet":0,"ocean_menu_typo_spacing_mobile":0,"ocean_menu_typo_spacing_unit":"","ocean_menu_link_color":"","ocean_menu_link_color_hover":"","ocean_menu_link_color_active":"","ocean_menu_link_background":"","ocean_menu_link_hover_background":"","ocean_menu_link_active_background":"","ocean_menu_social_links_bg":"","ocean_menu_social_hover_links_bg":"","ocean_menu_social_links_color":"","ocean_menu_social_hover_links_color":"","ocean_disable_title":"default","ocean_disable_heading":"default","ocean_post_title":"","ocean_post_subheading":"","ocean_post_title_style":"","ocean_post_title_background_color":"","ocean_post_title_background":0,"ocean_post_title_bg_image_position":"","ocean_post_title_bg_image_attachment":"","ocean_post_title_bg_image_repeat":"","ocean_post_title_bg_image_size":"","ocean_post_title_height":0,"ocean_post_title_bg_overlay":0.5,"ocean_post_title_bg_overlay_color":"","ocean_disable_breadcrumbs":"default","ocean_breadcrumbs_color":"","ocean_breadcrumbs_separator_color":"","ocean_breadcrumbs_links_color":"","ocean_breadcrumbs_links_hover_color":"","ocean_display_footer_widgets":"default","ocean_display_footer_bottom":"default","ocean_custom_footer_template":"0","footnotes":""},"class_list":["post-53","page","type-page","status-publish","hentry","entry"],"_links":{"self":[{"href":"https:\/\/mre.sciencespo-lille.eu\/index.php\/wp-json\/wp\/v2\/pages\/53","targetHints":{"allow":["GET"]}}],"collection":[{"href":"https:\/\/mre.sciencespo-lille.eu\/index.php\/wp-json\/wp\/v2\/pages"}],"about":[{"href":"https:\/\/mre.sciencespo-lille.eu\/index.php\/wp-json\/wp\/v2\/types\/page"}],"author":[{"embeddable":true,"href":"https:\/\/mre.sciencespo-lille.eu\/index.php\/wp-json\/wp\/v2\/users\/1"}],"replies":[{"embeddable":true,"href":"https:\/\/mre.sciencespo-lille.eu\/index.php\/wp-json\/wp\/v2\/comments?post=53"}],"version-history":[{"count":19,"href":"https:\/\/mre.sciencespo-lille.eu\/index.php\/wp-json\/wp\/v2\/pages\/53\/revisions"}],"predecessor-version":[{"id":364,"href":"https:\/\/mre.sciencespo-lille.eu\/index.php\/wp-json\/wp\/v2\/pages\/53\/revisions\/364"}],"wp:attachment":[{"href":"https:\/\/mre.sciencespo-lille.eu\/index.php\/wp-json\/wp\/v2\/media?parent=53"}],"curies":[{"name":"wp","href":"https:\/\/api.w.org\/{rel}","templated":true}]}}